{"id":282,"date":"2020-04-08T19:52:31","date_gmt":"2020-04-08T17:52:31","guid":{"rendered":"http:\/\/serwer1901026.home.pl\/autoinstalator\/wordpress7\/?page_id=282"},"modified":"2020-04-09T17:37:00","modified_gmt":"2020-04-09T15:37:00","slug":"ekologia","status":"publish","type":"page","link":"https:\/\/www.hurtownia-wody.pl\/?page_id=282","title":{"rendered":"Ekologia"},"content":{"rendered":"\n<div class=\"wp-block-columns is-layout-flex wp-container-core-columns-is-layout-9d6595d7 wp-block-columns-is-layout-flex\">\n<div class=\"wp-block-column is-layout-flow wp-block-column-is-layout-flow\"><\/div>\n\n\n\n<div class=\"wp-block-column is-layout-flow wp-block-column-is-layout-flow\"><\/div>\n<\/div>\n","protected":false},"excerpt":{"rendered":"","protected":false},"author":1,"featured_media":0,"parent":0,"menu_order":0,"comment_status":"closed","ping_status":"closed","template":"","meta":{"footnotes":""},"class_list":["post-282","page","type-page","status-publish","czr-hentry"],"yoast_head":"<!-- This site is optimized with the Yoast SEO plugin v27.4 - https:\/\/yoast.com\/product\/yoast-seo-wordpress\/ -->\n<title>Ekologia - woda mineralna i woda \u017ar\u00f3dlana S\u0142upsk<\/title>\n<meta name=\"description\" content=\"Ekologia - woda mineralna i woda \u017ar\u00f3dlana w atrakcyjnych cenach. Darmowa dostawa i odbi\u00f3r butele PET do recyklingu. Hurtownia wody, sok\u00f3w i napoj\u00f3w\" \/>\n<meta name=\"robots\" content=\"index, follow, max-snippet:-1, max-image-preview:large, max-video-preview:-1\" \/>\n<link rel=\"canonical\" href=\"https:\/\/www.hurtownia-wody.pl\/?page_id=282\" \/>\n<meta property=\"og:locale\" content=\"pl_PL\" \/>\n<meta property=\"og:type\" content=\"article\" \/>\n<meta property=\"og:title\" content=\"Ekologia - woda mineralna i woda \u017ar\u00f3dlana S\u0142upsk\" \/>\n<meta property=\"og:description\" content=\"Ekologia - woda mineralna i woda \u017ar\u00f3dlana w atrakcyjnych cenach. Darmowa dostawa i odbi\u00f3r butele PET do recyklingu. Hurtownia wody, sok\u00f3w i napoj\u00f3w\" \/>\n<meta property=\"og:url\" content=\"https:\/\/www.hurtownia-wody.pl\/?page_id=282\" \/>\n<meta property=\"og:site_name\" content=\"M-Hurt\" \/>\n<meta property=\"article:modified_time\" content=\"2020-04-09T15:37:00+00:00\" \/>\n<meta name=\"twitter:card\" content=\"summary_large_image\" \/>\n<script type=\"application\/ld+json\" class=\"yoast-schema-graph\">{\"@context\":\"https:\\\/\\\/schema.org\",\"@graph\":[{\"@type\":\"WebPage\",\"@id\":\"https:\\\/\\\/www.hurtownia-wody.pl\\\/?page_id=282\",\"url\":\"https:\\\/\\\/www.hurtownia-wody.pl\\\/?page_id=282\",\"name\":\"Ekologia - woda mineralna i woda \u017ar\u00f3dlana S\u0142upsk\",\"isPartOf\":{\"@id\":\"https:\\\/\\\/www.hurtownia-wody.pl\\\/#website\"},\"datePublished\":\"2020-04-08T17:52:31+00:00\",\"dateModified\":\"2020-04-09T15:37:00+00:00\",\"description\":\"Ekologia - woda mineralna i woda \u017ar\u00f3dlana w atrakcyjnych cenach. Darmowa dostawa i odbi\u00f3r butele PET do recyklingu. Hurtownia wody, sok\u00f3w i napoj\u00f3w\",\"breadcrumb\":{\"@id\":\"https:\\\/\\\/www.hurtownia-wody.pl\\\/?page_id=282#breadcrumb\"},\"inLanguage\":\"pl-PL\",\"potentialAction\":[{\"@type\":\"ReadAction\",\"target\":[\"https:\\\/\\\/www.hurtownia-wody.pl\\\/?page_id=282\"]}]},{\"@type\":\"BreadcrumbList\",\"@id\":\"https:\\\/\\\/www.hurtownia-wody.pl\\\/?page_id=282#breadcrumb\",\"itemListElement\":[{\"@type\":\"ListItem\",\"position\":1,\"name\":\"Strona g\u0142\u00f3wna\",\"item\":\"https:\\\/\\\/www.hurtownia-wody.pl\\\/\"},{\"@type\":\"ListItem\",\"position\":2,\"name\":\"Ekologia\"}]},{\"@type\":\"WebSite\",\"@id\":\"https:\\\/\\\/www.hurtownia-wody.pl\\\/#website\",\"url\":\"https:\\\/\\\/www.hurtownia-wody.pl\\\/\",\"name\":\"M-Hurt\",\"description\":\"Woda mineralna i \u017ar&oacute;dlana, soki, napoje\",\"potentialAction\":[{\"@type\":\"SearchAction\",\"target\":{\"@type\":\"EntryPoint\",\"urlTemplate\":\"https:\\\/\\\/www.hurtownia-wody.pl\\\/?s={search_term_string}\"},\"query-input\":{\"@type\":\"PropertyValueSpecification\",\"valueRequired\":true,\"valueName\":\"search_term_string\"}}],\"inLanguage\":\"pl-PL\"}]}<\/script>\n<!-- \/ Yoast SEO plugin. -->","yoast_head_json":{"title":"Ekologia - woda mineralna i woda \u017ar\u00f3dlana S\u0142upsk","description":"Ekologia - woda mineralna i woda \u017ar\u00f3dlana w atrakcyjnych cenach. Darmowa dostawa i odbi\u00f3r butele PET do recyklingu. Hurtownia wody, sok\u00f3w i napoj\u00f3w","robots":{"index":"index","follow":"follow","max-snippet":"max-snippet:-1","max-image-preview":"max-image-preview:large","max-video-preview":"max-video-preview:-1"},"canonical":"https:\/\/www.hurtownia-wody.pl\/?page_id=282","og_locale":"pl_PL","og_type":"article","og_title":"Ekologia - woda mineralna i woda \u017ar\u00f3dlana S\u0142upsk","og_description":"Ekologia - woda mineralna i woda \u017ar\u00f3dlana w atrakcyjnych cenach. Darmowa dostawa i odbi\u00f3r butele PET do recyklingu. Hurtownia wody, sok\u00f3w i napoj\u00f3w","og_url":"https:\/\/www.hurtownia-wody.pl\/?page_id=282","og_site_name":"M-Hurt","article_modified_time":"2020-04-09T15:37:00+00:00","twitter_card":"summary_large_image","schema":{"@context":"https:\/\/schema.org","@graph":[{"@type":"WebPage","@id":"https:\/\/www.hurtownia-wody.pl\/?page_id=282","url":"https:\/\/www.hurtownia-wody.pl\/?page_id=282","name":"Ekologia - woda mineralna i woda \u017ar\u00f3dlana S\u0142upsk","isPartOf":{"@id":"https:\/\/www.hurtownia-wody.pl\/#website"},"datePublished":"2020-04-08T17:52:31+00:00","dateModified":"2020-04-09T15:37:00+00:00","description":"Ekologia - woda mineralna i woda \u017ar\u00f3dlana w atrakcyjnych cenach. Darmowa dostawa i odbi\u00f3r butele PET do recyklingu. Hurtownia wody, sok\u00f3w i napoj\u00f3w","breadcrumb":{"@id":"https:\/\/www.hurtownia-wody.pl\/?page_id=282#breadcrumb"},"inLanguage":"pl-PL","potentialAction":[{"@type":"ReadAction","target":["https:\/\/www.hurtownia-wody.pl\/?page_id=282"]}]},{"@type":"BreadcrumbList","@id":"https:\/\/www.hurtownia-wody.pl\/?page_id=282#breadcrumb","itemListElement":[{"@type":"ListItem","position":1,"name":"Strona g\u0142\u00f3wna","item":"https:\/\/www.hurtownia-wody.pl\/"},{"@type":"ListItem","position":2,"name":"Ekologia"}]},{"@type":"WebSite","@id":"https:\/\/www.hurtownia-wody.pl\/#website","url":"https:\/\/www.hurtownia-wody.pl\/","name":"M-Hurt","description":"Woda mineralna i \u017ar&oacute;dlana, soki, napoje","potentialAction":[{"@type":"SearchAction","target":{"@type":"EntryPoint","urlTemplate":"https:\/\/www.hurtownia-wody.pl\/?s={search_term_string}"},"query-input":{"@type":"PropertyValueSpecification","valueRequired":true,"valueName":"search_term_string"}}],"inLanguage":"pl-PL"}]}},"_links":{"self":[{"href":"https:\/\/www.hurtownia-wody.pl\/index.php?rest_route=\/wp\/v2\/pages\/282","targetHints":{"allow":["GET"]}}],"collection":[{"href":"https:\/\/www.hurtownia-wody.pl\/index.php?rest_route=\/wp\/v2\/pages"}],"about":[{"href":"https:\/\/www.hurtownia-wody.pl\/index.php?rest_route=\/wp\/v2\/types\/page"}],"author":[{"embeddable":true,"href":"https:\/\/www.hurtownia-wody.pl\/index.php?rest_route=\/wp\/v2\/users\/1"}],"replies":[{"embeddable":true,"href":"https:\/\/www.hurtownia-wody.pl\/index.php?rest_route=%2Fwp%2Fv2%2Fcomments&post=282"}],"version-history":[{"count":2,"href":"https:\/\/www.hurtownia-wody.pl\/index.php?rest_route=\/wp\/v2\/pages\/282\/revisions"}],"predecessor-version":[{"id":334,"href":"https:\/\/www.hurtownia-wody.pl\/index.php?rest_route=\/wp\/v2\/pages\/282\/revisions\/334"}],"wp:attachment":[{"href":"https:\/\/www.hurtownia-wody.pl\/index.php?rest_route=%2Fwp%2Fv2%2Fmedia&parent=282"}],"curies":[{"name":"wp","href":"https:\/\/api.w.org\/{rel}","templated":true}]}}