{"id":31,"date":"2018-10-23T08:04:01","date_gmt":"2018-10-23T08:04:01","guid":{"rendered":"https:\/\/futuriodemos.com\/default-demo\/?page_id=31"},"modified":"2020-04-14T18:43:01","modified_gmt":"2020-04-14T16:43:01","slug":"home","status":"publish","type":"page","link":"https:\/\/www.hurtownia-wody.pl\/","title":{"rendered":"Home"},"content":{"rendered":"","protected":false},"excerpt":{"rendered":"","protected":false},"author":1,"featured_media":382,"parent":0,"menu_order":0,"comment_status":"closed","ping_status":"closed","template":"","meta":{"footnotes":""},"class_list":["post-31","page","type-page","status-publish","has-post-thumbnail","czr-hentry"],"yoast_head":"<!-- This site is optimized with the Yoast SEO plugin v27.4 - https:\/\/yoast.com\/product\/yoast-seo-wordpress\/ -->\n<title>Woda dla firm - woda \u017ar\u00f3dlana i woda mineralna S\u0142upsk<\/title>\n<meta name=\"description\" content=\"Woda dla firm - hurtownia wody S\u0142upsk. Dostawa dla firm, instytucji i sklep\u00f3w. Woda mineralna i \u017ar\u00f3dlana, soki, napoje, kawa, herbata, s\u0142odycze\" \/>\n<meta name=\"robots\" content=\"index, follow, max-snippet:-1, max-image-preview:large, max-video-preview:-1\" \/>\n<link rel=\"canonical\" href=\"https:\/\/www.hurtownia-wody.pl\/\" \/>\n<meta property=\"og:locale\" content=\"pl_PL\" \/>\n<meta property=\"og:type\" content=\"article\" \/>\n<meta property=\"og:title\" content=\"Woda dla firm - woda \u017ar\u00f3dlana i woda mineralna S\u0142upsk\" \/>\n<meta property=\"og:description\" content=\"Woda dla firm - hurtownia wody S\u0142upsk. Dostawa dla firm, instytucji i sklep\u00f3w. Woda mineralna i \u017ar\u00f3dlana, soki, napoje, kawa, herbata, s\u0142odycze\" \/>\n<meta property=\"og:url\" content=\"https:\/\/www.hurtownia-wody.pl\/\" \/>\n<meta property=\"og:site_name\" content=\"M-Hurt\" \/>\n<meta property=\"article:modified_time\" content=\"2020-04-14T16:43:01+00:00\" \/>\n<meta property=\"og:image\" content=\"https:\/\/www.hurtownia-wody.pl\/wp-content\/uploads\/2020\/04\/hurtownia-wody-1.jpg\" \/>\n\t<meta property=\"og:image:width\" content=\"2000\" \/>\n\t<meta property=\"og:image:height\" content=\"1333\" \/>\n\t<meta property=\"og:image:type\" content=\"image\/jpeg\" \/>\n<meta name=\"twitter:card\" content=\"summary_large_image\" \/>\n<script type=\"application\/ld+json\" class=\"yoast-schema-graph\">{\"@context\":\"https:\\\/\\\/schema.org\",\"@graph\":[{\"@type\":\"WebPage\",\"@id\":\"https:\\\/\\\/www.hurtownia-wody.pl\\\/\",\"url\":\"https:\\\/\\\/www.hurtownia-wody.pl\\\/\",\"name\":\"Woda dla firm - woda \u017ar\u00f3dlana i woda mineralna S\u0142upsk\",\"isPartOf\":{\"@id\":\"https:\\\/\\\/www.hurtownia-wody.pl\\\/#website\"},\"primaryImageOfPage\":{\"@id\":\"https:\\\/\\\/www.hurtownia-wody.pl\\\/#primaryimage\"},\"image\":{\"@id\":\"https:\\\/\\\/www.hurtownia-wody.pl\\\/#primaryimage\"},\"thumbnailUrl\":\"https:\\\/\\\/www.hurtownia-wody.pl\\\/wp-content\\\/uploads\\\/2020\\\/04\\\/hurtownia-wody-1.jpg\",\"datePublished\":\"2018-10-23T08:04:01+00:00\",\"dateModified\":\"2020-04-14T16:43:01+00:00\",\"description\":\"Woda dla firm - hurtownia wody S\u0142upsk. Dostawa dla firm, instytucji i sklep\u00f3w. Woda mineralna i \u017ar\u00f3dlana, soki, napoje, kawa, herbata, s\u0142odycze\",\"breadcrumb\":{\"@id\":\"https:\\\/\\\/www.hurtownia-wody.pl\\\/#breadcrumb\"},\"inLanguage\":\"pl-PL\",\"potentialAction\":[{\"@type\":\"ReadAction\",\"target\":[\"https:\\\/\\\/www.hurtownia-wody.pl\\\/\"]}]},{\"@type\":\"ImageObject\",\"inLanguage\":\"pl-PL\",\"@id\":\"https:\\\/\\\/www.hurtownia-wody.pl\\\/#primaryimage\",\"url\":\"https:\\\/\\\/www.hurtownia-wody.pl\\\/wp-content\\\/uploads\\\/2020\\\/04\\\/hurtownia-wody-1.jpg\",\"contentUrl\":\"https:\\\/\\\/www.hurtownia-wody.pl\\\/wp-content\\\/uploads\\\/2020\\\/04\\\/hurtownia-wody-1.jpg\",\"width\":2000,\"height\":1333,\"caption\":\"Hurtownia wody\"},{\"@type\":\"BreadcrumbList\",\"@id\":\"https:\\\/\\\/www.hurtownia-wody.pl\\\/#breadcrumb\",\"itemListElement\":[{\"@type\":\"ListItem\",\"position\":1,\"name\":\"Strona g\u0142\u00f3wna\",\"item\":\"https:\\\/\\\/www.hurtownia-wody.pl\\\/\"},{\"@type\":\"ListItem\",\"position\":2,\"name\":\"Home\"}]},{\"@type\":\"WebSite\",\"@id\":\"https:\\\/\\\/www.hurtownia-wody.pl\\\/#website\",\"url\":\"https:\\\/\\\/www.hurtownia-wody.pl\\\/\",\"name\":\"M-Hurt\",\"description\":\"Woda mineralna i \u017ar&oacute;dlana, soki, napoje\",\"potentialAction\":[{\"@type\":\"SearchAction\",\"target\":{\"@type\":\"EntryPoint\",\"urlTemplate\":\"https:\\\/\\\/www.hurtownia-wody.pl\\\/?s={search_term_string}\"},\"query-input\":{\"@type\":\"PropertyValueSpecification\",\"valueRequired\":true,\"valueName\":\"search_term_string\"}}],\"inLanguage\":\"pl-PL\"}]}<\/script>\n<!-- \/ Yoast SEO plugin. -->","yoast_head_json":{"title":"Woda dla firm - woda \u017ar\u00f3dlana i woda mineralna S\u0142upsk","description":"Woda dla firm - hurtownia wody S\u0142upsk. Dostawa dla firm, instytucji i sklep\u00f3w. Woda mineralna i \u017ar\u00f3dlana, soki, napoje, kawa, herbata, s\u0142odycze","robots":{"index":"index","follow":"follow","max-snippet":"max-snippet:-1","max-image-preview":"max-image-preview:large","max-video-preview":"max-video-preview:-1"},"canonical":"https:\/\/www.hurtownia-wody.pl\/","og_locale":"pl_PL","og_type":"article","og_title":"Woda dla firm - woda \u017ar\u00f3dlana i woda mineralna S\u0142upsk","og_description":"Woda dla firm - hurtownia wody S\u0142upsk. Dostawa dla firm, instytucji i sklep\u00f3w. Woda mineralna i \u017ar\u00f3dlana, soki, napoje, kawa, herbata, s\u0142odycze","og_url":"https:\/\/www.hurtownia-wody.pl\/","og_site_name":"M-Hurt","article_modified_time":"2020-04-14T16:43:01+00:00","og_image":[{"width":2000,"height":1333,"url":"https:\/\/www.hurtownia-wody.pl\/wp-content\/uploads\/2020\/04\/hurtownia-wody-1.jpg","type":"image\/jpeg"}],"twitter_card":"summary_large_image","schema":{"@context":"https:\/\/schema.org","@graph":[{"@type":"WebPage","@id":"https:\/\/www.hurtownia-wody.pl\/","url":"https:\/\/www.hurtownia-wody.pl\/","name":"Woda dla firm - woda \u017ar\u00f3dlana i woda mineralna S\u0142upsk","isPartOf":{"@id":"https:\/\/www.hurtownia-wody.pl\/#website"},"primaryImageOfPage":{"@id":"https:\/\/www.hurtownia-wody.pl\/#primaryimage"},"image":{"@id":"https:\/\/www.hurtownia-wody.pl\/#primaryimage"},"thumbnailUrl":"https:\/\/www.hurtownia-wody.pl\/wp-content\/uploads\/2020\/04\/hurtownia-wody-1.jpg","datePublished":"2018-10-23T08:04:01+00:00","dateModified":"2020-04-14T16:43:01+00:00","description":"Woda dla firm - hurtownia wody S\u0142upsk. Dostawa dla firm, instytucji i sklep\u00f3w. Woda mineralna i \u017ar\u00f3dlana, soki, napoje, kawa, herbata, s\u0142odycze","breadcrumb":{"@id":"https:\/\/www.hurtownia-wody.pl\/#breadcrumb"},"inLanguage":"pl-PL","potentialAction":[{"@type":"ReadAction","target":["https:\/\/www.hurtownia-wody.pl\/"]}]},{"@type":"ImageObject","inLanguage":"pl-PL","@id":"https:\/\/www.hurtownia-wody.pl\/#primaryimage","url":"https:\/\/www.hurtownia-wody.pl\/wp-content\/uploads\/2020\/04\/hurtownia-wody-1.jpg","contentUrl":"https:\/\/www.hurtownia-wody.pl\/wp-content\/uploads\/2020\/04\/hurtownia-wody-1.jpg","width":2000,"height":1333,"caption":"Hurtownia wody"},{"@type":"BreadcrumbList","@id":"https:\/\/www.hurtownia-wody.pl\/#breadcrumb","itemListElement":[{"@type":"ListItem","position":1,"name":"Strona g\u0142\u00f3wna","item":"https:\/\/www.hurtownia-wody.pl\/"},{"@type":"ListItem","position":2,"name":"Home"}]},{"@type":"WebSite","@id":"https:\/\/www.hurtownia-wody.pl\/#website","url":"https:\/\/www.hurtownia-wody.pl\/","name":"M-Hurt","description":"Woda mineralna i \u017ar&oacute;dlana, soki, napoje","potentialAction":[{"@type":"SearchAction","target":{"@type":"EntryPoint","urlTemplate":"https:\/\/www.hurtownia-wody.pl\/?s={search_term_string}"},"query-input":{"@type":"PropertyValueSpecification","valueRequired":true,"valueName":"search_term_string"}}],"inLanguage":"pl-PL"}]}},"_links":{"self":[{"href":"https:\/\/www.hurtownia-wody.pl\/index.php?rest_route=\/wp\/v2\/pages\/31","targetHints":{"allow":["GET"]}}],"collection":[{"href":"https:\/\/www.hurtownia-wody.pl\/index.php?rest_route=\/wp\/v2\/pages"}],"about":[{"href":"https:\/\/www.hurtownia-wody.pl\/index.php?rest_route=\/wp\/v2\/types\/page"}],"author":[{"embeddable":true,"href":"https:\/\/www.hurtownia-wody.pl\/index.php?rest_route=\/wp\/v2\/users\/1"}],"replies":[{"embeddable":true,"href":"https:\/\/www.hurtownia-wody.pl\/index.php?rest_route=%2Fwp%2Fv2%2Fcomments&post=31"}],"version-history":[{"count":1,"href":"https:\/\/www.hurtownia-wody.pl\/index.php?rest_route=\/wp\/v2\/pages\/31\/revisions"}],"predecessor-version":[{"id":426,"href":"https:\/\/www.hurtownia-wody.pl\/index.php?rest_route=\/wp\/v2\/pages\/31\/revisions\/426"}],"wp:featuredmedia":[{"embeddable":true,"href":"https:\/\/www.hurtownia-wody.pl\/index.php?rest_route=\/wp\/v2\/media\/382"}],"wp:attachment":[{"href":"https:\/\/www.hurtownia-wody.pl\/index.php?rest_route=%2Fwp%2Fv2%2Fmedia&parent=31"}],"curies":[{"name":"wp","href":"https:\/\/api.w.org\/{rel}","templated":true}]}}