{"id":640,"date":"2020-04-10T12:30:23","date_gmt":"2020-04-10T10:30:23","guid":{"rendered":"https:\/\/www.hurtownia-wody.pl\/?page_id=640"},"modified":"2020-04-10T12:33:36","modified_gmt":"2020-04-10T10:33:36","slug":"woda-dla-firm-korzysci","status":"publish","type":"page","link":"https:\/\/www.hurtownia-wody.pl\/?page_id=640","title":{"rendered":"Woda dla firm &#8211; korzy\u015bci"},"content":{"rendered":"","protected":false},"excerpt":{"rendered":"","protected":false},"author":1,"featured_media":0,"parent":0,"menu_order":0,"comment_status":"closed","ping_status":"closed","template":"","meta":{"footnotes":""},"class_list":["post-640","page","type-page","status-publish","czr-hentry"],"yoast_head":"<!-- This site is optimized with the Yoast SEO plugin v27.4 - https:\/\/yoast.com\/product\/yoast-seo-wordpress\/ -->\n<title>Woda dla firm - korzy\u015bci z picia wody mineralnej i \u017ar\u00f3dlanej<\/title>\n<meta name=\"description\" content=\"Woda dla firm - lista korzy\u015bci z picia wody mineralnej i \u017cr\u00f3dlanej. Dostawa wody dla firm, instytucji i sklep\u00f3w. S\u0142upsk, woj. pomorskie, zachodniopomorskie\" \/>\n<meta name=\"robots\" content=\"index, follow, max-snippet:-1, max-image-preview:large, max-video-preview:-1\" \/>\n<link rel=\"canonical\" href=\"https:\/\/www.hurtownia-wody.pl\/?page_id=640\" \/>\n<meta property=\"og:locale\" content=\"pl_PL\" \/>\n<meta property=\"og:type\" content=\"article\" \/>\n<meta property=\"og:title\" content=\"Woda dla firm - korzy\u015bci z picia wody mineralnej i \u017ar\u00f3dlanej\" \/>\n<meta property=\"og:description\" content=\"Woda dla firm - lista korzy\u015bci z picia wody mineralnej i \u017cr\u00f3dlanej. Dostawa wody dla firm, instytucji i sklep\u00f3w. S\u0142upsk, woj. pomorskie, zachodniopomorskie\" \/>\n<meta property=\"og:url\" content=\"https:\/\/www.hurtownia-wody.pl\/?page_id=640\" \/>\n<meta property=\"og:site_name\" content=\"M-Hurt\" \/>\n<meta property=\"article:modified_time\" content=\"2020-04-10T10:33:36+00:00\" \/>\n<meta name=\"twitter:card\" content=\"summary_large_image\" \/>\n<script type=\"application\/ld+json\" class=\"yoast-schema-graph\">{\"@context\":\"https:\\\/\\\/schema.org\",\"@graph\":[{\"@type\":\"WebPage\",\"@id\":\"https:\\\/\\\/www.hurtownia-wody.pl\\\/?page_id=640\",\"url\":\"https:\\\/\\\/www.hurtownia-wody.pl\\\/?page_id=640\",\"name\":\"Woda dla firm - korzy\u015bci z picia wody mineralnej i \u017ar\u00f3dlanej\",\"isPartOf\":{\"@id\":\"https:\\\/\\\/www.hurtownia-wody.pl\\\/#website\"},\"datePublished\":\"2020-04-10T10:30:23+00:00\",\"dateModified\":\"2020-04-10T10:33:36+00:00\",\"description\":\"Woda dla firm - lista korzy\u015bci z picia wody mineralnej i \u017cr\u00f3dlanej. Dostawa wody dla firm, instytucji i sklep\u00f3w. S\u0142upsk, woj. pomorskie, zachodniopomorskie\",\"breadcrumb\":{\"@id\":\"https:\\\/\\\/www.hurtownia-wody.pl\\\/?page_id=640#breadcrumb\"},\"inLanguage\":\"pl-PL\",\"potentialAction\":[{\"@type\":\"ReadAction\",\"target\":[\"https:\\\/\\\/www.hurtownia-wody.pl\\\/?page_id=640\"]}]},{\"@type\":\"BreadcrumbList\",\"@id\":\"https:\\\/\\\/www.hurtownia-wody.pl\\\/?page_id=640#breadcrumb\",\"itemListElement\":[{\"@type\":\"ListItem\",\"position\":1,\"name\":\"Strona g\u0142\u00f3wna\",\"item\":\"https:\\\/\\\/www.hurtownia-wody.pl\\\/\"},{\"@type\":\"ListItem\",\"position\":2,\"name\":\"Woda dla firm &#8211; korzy\u015bci\"}]},{\"@type\":\"WebSite\",\"@id\":\"https:\\\/\\\/www.hurtownia-wody.pl\\\/#website\",\"url\":\"https:\\\/\\\/www.hurtownia-wody.pl\\\/\",\"name\":\"M-Hurt\",\"description\":\"Woda mineralna i \u017ar&oacute;dlana, soki, napoje\",\"potentialAction\":[{\"@type\":\"SearchAction\",\"target\":{\"@type\":\"EntryPoint\",\"urlTemplate\":\"https:\\\/\\\/www.hurtownia-wody.pl\\\/?s={search_term_string}\"},\"query-input\":{\"@type\":\"PropertyValueSpecification\",\"valueRequired\":true,\"valueName\":\"search_term_string\"}}],\"inLanguage\":\"pl-PL\"}]}<\/script>\n<!-- \/ Yoast SEO plugin. -->","yoast_head_json":{"title":"Woda dla firm - korzy\u015bci z picia wody mineralnej i \u017ar\u00f3dlanej","description":"Woda dla firm - lista korzy\u015bci z picia wody mineralnej i \u017cr\u00f3dlanej. Dostawa wody dla firm, instytucji i sklep\u00f3w. S\u0142upsk, woj. pomorskie, zachodniopomorskie","robots":{"index":"index","follow":"follow","max-snippet":"max-snippet:-1","max-image-preview":"max-image-preview:large","max-video-preview":"max-video-preview:-1"},"canonical":"https:\/\/www.hurtownia-wody.pl\/?page_id=640","og_locale":"pl_PL","og_type":"article","og_title":"Woda dla firm - korzy\u015bci z picia wody mineralnej i \u017ar\u00f3dlanej","og_description":"Woda dla firm - lista korzy\u015bci z picia wody mineralnej i \u017cr\u00f3dlanej. Dostawa wody dla firm, instytucji i sklep\u00f3w. S\u0142upsk, woj. pomorskie, zachodniopomorskie","og_url":"https:\/\/www.hurtownia-wody.pl\/?page_id=640","og_site_name":"M-Hurt","article_modified_time":"2020-04-10T10:33:36+00:00","twitter_card":"summary_large_image","schema":{"@context":"https:\/\/schema.org","@graph":[{"@type":"WebPage","@id":"https:\/\/www.hurtownia-wody.pl\/?page_id=640","url":"https:\/\/www.hurtownia-wody.pl\/?page_id=640","name":"Woda dla firm - korzy\u015bci z picia wody mineralnej i \u017ar\u00f3dlanej","isPartOf":{"@id":"https:\/\/www.hurtownia-wody.pl\/#website"},"datePublished":"2020-04-10T10:30:23+00:00","dateModified":"2020-04-10T10:33:36+00:00","description":"Woda dla firm - lista korzy\u015bci z picia wody mineralnej i \u017cr\u00f3dlanej. Dostawa wody dla firm, instytucji i sklep\u00f3w. S\u0142upsk, woj. pomorskie, zachodniopomorskie","breadcrumb":{"@id":"https:\/\/www.hurtownia-wody.pl\/?page_id=640#breadcrumb"},"inLanguage":"pl-PL","potentialAction":[{"@type":"ReadAction","target":["https:\/\/www.hurtownia-wody.pl\/?page_id=640"]}]},{"@type":"BreadcrumbList","@id":"https:\/\/www.hurtownia-wody.pl\/?page_id=640#breadcrumb","itemListElement":[{"@type":"ListItem","position":1,"name":"Strona g\u0142\u00f3wna","item":"https:\/\/www.hurtownia-wody.pl\/"},{"@type":"ListItem","position":2,"name":"Woda dla firm &#8211; korzy\u015bci"}]},{"@type":"WebSite","@id":"https:\/\/www.hurtownia-wody.pl\/#website","url":"https:\/\/www.hurtownia-wody.pl\/","name":"M-Hurt","description":"Woda mineralna i \u017ar&oacute;dlana, soki, napoje","potentialAction":[{"@type":"SearchAction","target":{"@type":"EntryPoint","urlTemplate":"https:\/\/www.hurtownia-wody.pl\/?s={search_term_string}"},"query-input":{"@type":"PropertyValueSpecification","valueRequired":true,"valueName":"search_term_string"}}],"inLanguage":"pl-PL"}]}},"_links":{"self":[{"href":"https:\/\/www.hurtownia-wody.pl\/index.php?rest_route=\/wp\/v2\/pages\/640","targetHints":{"allow":["GET"]}}],"collection":[{"href":"https:\/\/www.hurtownia-wody.pl\/index.php?rest_route=\/wp\/v2\/pages"}],"about":[{"href":"https:\/\/www.hurtownia-wody.pl\/index.php?rest_route=\/wp\/v2\/types\/page"}],"author":[{"embeddable":true,"href":"https:\/\/www.hurtownia-wody.pl\/index.php?rest_route=\/wp\/v2\/users\/1"}],"replies":[{"embeddable":true,"href":"https:\/\/www.hurtownia-wody.pl\/index.php?rest_route=%2Fwp%2Fv2%2Fcomments&post=640"}],"version-history":[{"count":1,"href":"https:\/\/www.hurtownia-wody.pl\/index.php?rest_route=\/wp\/v2\/pages\/640\/revisions"}],"predecessor-version":[{"id":641,"href":"https:\/\/www.hurtownia-wody.pl\/index.php?rest_route=\/wp\/v2\/pages\/640\/revisions\/641"}],"wp:attachment":[{"href":"https:\/\/www.hurtownia-wody.pl\/index.php?rest_route=%2Fwp%2Fv2%2Fmedia&parent=640"}],"curies":[{"name":"wp","href":"https:\/\/api.w.org\/{rel}","templated":true}]}}